{"id":538,"date":"2018-10-24T17:16:11","date_gmt":"2018-10-24T17:16:11","guid":{"rendered":"https:\/\/pacoroncerorestaurante.com\/?page_id=538"},"modified":"2025-05-15T11:59:32","modified_gmt":"2025-05-15T09:59:32","slug":"la-bodega","status":"publish","type":"page","link":"https:\/\/www.pacoroncerorestaurante.com\/es\/la-bodega\/","title":{"rendered":"La Bodega"},"content":{"rendered":"\n<style type=\"text\/css\" data-created_by=\"avia_inline_auto\" id=\"style-css-av-4lxfmi-7322d82e7005e39a691c01dd9cd5c00f\">\n.avia-section.av-4lxfmi-7322d82e7005e39a691c01dd9cd5c00f{\nbackground-color:#ffffff;\nbackground-image:url(https:\/\/www.pacoroncerorestaurante.com\/wp-content\/uploads\/41977206_xl.jpg);\nbackground-repeat:no-repeat;\nbackground-position:50% 50%;\nbackground-attachment:fixed;\n}\n.avia-section.av-4lxfmi-7322d82e7005e39a691c01dd9cd5c00f .av-section-color-overlay{\nopacity:0.2;\nbackground-color:#ffffff;\n}\n<\/style>\n<div id='av_section_1'  class='avia-section av-4lxfmi-7322d82e7005e39a691c01dd9cd5c00f main_color avia-section-default avia-no-border-styling  avia-builder-el-0  el_before_av_layout_row  avia-builder-el-first  avia-full-stretch avia-bg-style-fixed av-section-color-overlay-active av-minimum-height av-minimum-height-custom av-height-custom  container_wrap sidebar_right'  data-section-bg-repeat='stretch' data-av_minimum_height_px='853'><div class=\"av-section-color-overlay-wrap\"><div class=\"av-section-color-overlay\"><\/div><div class='container av-section-cont-open' style='height:853px'><main  role=\"main\" itemprop=\"mainContentOfPage\"  class='template-page content  av-content-small alpha units'><div class='post-entry post-entry-type-page post-entry-538'><div class='entry-content-wrapper clearfix'>\n<\/div><\/div><\/main><!-- close content main element --><\/div><\/div><\/div><div id='av-layout-grid-1'  class='av-layout-grid-container av-4bwoqq-57adafd67c7bd2fd27695bbe0225d60e entry-content-wrapper main_color av-flex-cells  avia-builder-el-1  el_after_av_section  el_before_av_layout_row  grid-row-not-first  container_wrap sidebar_right'  >\n\n<style type=\"text\/css\" data-created_by=\"avia_inline_auto\" id=\"style-css-av-48cny2-c58953ad5ae9580ab679a0f578943993\">\n.flex_cell.av-48cny2-c58953ad5ae9580ab679a0f578943993{\nvertical-align:top;\nbackground:url(https:\/\/www.pacoroncerorestaurante.com\/wp-content\/uploads\/brandy-turner-517339-unsplash-1030x773.jpg) 50% 50% no-repeat scroll ;\n}\n.responsive #top #wrap_all .flex_cell.av-48cny2-c58953ad5ae9580ab679a0f578943993{\npadding:30px 30px 30px 30px !important;\n}\n<\/style>\n<div class='flex_cell av-48cny2-c58953ad5ae9580ab679a0f578943993 av-gridrow-cell av_one_half no_margin  avia-builder-el-2  el_before_av_cell_one_half  avia-builder-el-first  avia-full-stretch'  ><div class='flex_cell_inner'>\n<style type=\"text\/css\" data-created_by=\"avia_inline_auto\" id=\"style-css-av-41ntf6-5d90b3a933aeacfb3c572eeeb3a56be2\">\n#top .hr.hr-invisible.av-41ntf6-5d90b3a933aeacfb3c572eeeb3a56be2{\nheight:600px;\n}\n<\/style>\n<div  class='hr av-41ntf6-5d90b3a933aeacfb3c572eeeb3a56be2 hr-invisible  avia-builder-el-3  avia-builder-el-no-sibling '><span class='hr-inner '><span class=\"hr-inner-style\"><\/span><\/span><\/div>\n<\/div><\/div>\n<style type=\"text\/css\" data-created_by=\"avia_inline_auto\" id=\"style-css-av-3w7ldm-3726ca90b0490c0d46fc4da513da3eba\">\n.flex_cell.av-3w7ldm-3726ca90b0490c0d46fc4da513da3eba{\nvertical-align:top;\nbackground-color:#ffffff;\n}\n.responsive #top #wrap_all .flex_cell.av-3w7ldm-3726ca90b0490c0d46fc4da513da3eba{\npadding:150px 100px 150px 100px !important;\n}\n<\/style>\n<div class='flex_cell av-3w7ldm-3726ca90b0490c0d46fc4da513da3eba av-gridrow-cell av_one_half no_margin  avia-builder-el-4  el_after_av_cell_one_half  avia-builder-el-last  avia-full-stretch'  ><div class='flex_cell_inner'><p>\n<style type=\"text\/css\" data-created_by=\"avia_inline_auto\" id=\"style-css-av-3s33p6-527ca5ae640323f1ae1e029b3e044e9c\">\n#top .av-special-heading.av-3s33p6-527ca5ae640323f1ae1e029b3e044e9c{\npadding-bottom:10px;\ncolor:#232323;\nfont-size:37px;\n}\nbody .av-special-heading.av-3s33p6-527ca5ae640323f1ae1e029b3e044e9c .av-special-heading-tag .heading-char{\nfont-size:25px;\n}\n#top #wrap_all .av-special-heading.av-3s33p6-527ca5ae640323f1ae1e029b3e044e9c .av-special-heading-tag{\nfont-size:37px;\n}\n.av-special-heading.av-3s33p6-527ca5ae640323f1ae1e029b3e044e9c .special-heading-inner-border{\nborder-color:#232323;\n}\n.av-special-heading.av-3s33p6-527ca5ae640323f1ae1e029b3e044e9c .av-subheading{\nfont-size:15px;\n}\n\n@media only screen and (min-width: 480px) and (max-width: 767px){ \n#top #wrap_all .av-special-heading.av-3s33p6-527ca5ae640323f1ae1e029b3e044e9c .av-special-heading-tag{\nfont-size:0.8em;\n}\n}\n\n@media only screen and (max-width: 479px){ \n#top #wrap_all .av-special-heading.av-3s33p6-527ca5ae640323f1ae1e029b3e044e9c .av-special-heading-tag{\nfont-size:0.8em;\n}\n}\n<\/style>\n<div  class='av-special-heading av-3s33p6-527ca5ae640323f1ae1e029b3e044e9c av-special-heading-h1 custom-color-heading blockquote modern-quote modern-centered  avia-builder-el-5  el_before_av_hr  avia-builder-el-first  av-inherit-size'><h1 class='av-special-heading-tag '  itemprop=\"headline\"  >La bodega<\/h1><div class=\"special-heading-border\"><div class=\"special-heading-inner-border\"><\/div><\/div><\/div><br \/>\n\n<style type=\"text\/css\" data-created_by=\"avia_inline_auto\" id=\"style-css-av-3lxya2-114fad4ed5d1284803f1e2ab6a311966\">\n#top .hr.av-3lxya2-114fad4ed5d1284803f1e2ab6a311966{\nmargin-top:10px;\nmargin-bottom:10px;\n}\n.hr.av-3lxya2-114fad4ed5d1284803f1e2ab6a311966 .hr-inner{\nwidth:100px;\nborder-color:#111111;\n}\n<\/style>\n<div  class='hr av-3lxya2-114fad4ed5d1284803f1e2ab6a311966 hr-custom  avia-builder-el-6  el_after_av_heading  el_before_av_textblock  hr-center hr-icon-no'><span class='hr-inner inner-border-av-border-fat'><span class=\"hr-inner-style\"><\/span><\/span><\/div><br \/>\n\n<style type=\"text\/css\" data-created_by=\"avia_inline_auto\" id=\"style-css-av-3fnnoa-a82084258cb2d7bd00ab9f140c5ee82e\">\n#top .av_textblock_section.av-3fnnoa-a82084258cb2d7bd00ab9f140c5ee82e .avia_textblock{\nfont-size:16px;\ncolor:#000000;\n}\n<\/style>\n<section  class='av_textblock_section av-3fnnoa-a82084258cb2d7bd00ab9f140c5ee82e '   itemscope=\"itemscope\" itemtype=\"https:\/\/schema.org\/CreativeWork\" ><div class='avia_textblock av_inherit_color'  itemprop=\"text\" ><p>Detr\u00e1s de una cocina que basa su esencia en el producto y en las creaciones m\u00e1s expresivas, se encuentra una bodega dise\u00f1ada para estar a su altura, con m\u00e1s de 800 referencias nacionales e internacionales, cuidadosamente seleccionadas.<\/p>\n<p>Estas propuestas gastron\u00f3micas, creativas e innovadoras, se ven realzadas con la sensibilidad y el talento de Mar\u00eda Jos\u00e9 Huertas, una de las mejores sumilleres de Espa\u00f1a, con numerosos premios a lo largo de su trayectoria, que lleva m\u00e1s de dos d\u00e9cadas afinando el maridaje perfecto para la cocina de Paco Roncero. Lo suyo es una cuesti\u00f3n que va m\u00e1s all\u00e1 de la vista, el olfato o el gusto; es una experiencia sensorial completa que se nota en cada detalle.<\/p>\n<p>La carta de vinos nace de un an\u00e1lisis cuidadoso, pensado para encajar con la filosof\u00eda del restaurante. El resultado: una propuesta visualmente atractiva, pero tambi\u00e9n f\u00e1cil de entender y de disfrutar. Una carta viva, en constante movimiento, que garantiza una selecci\u00f3n coherente y siempre disponible.<\/p>\n<p>La bodega, en constante evoluci\u00f3n, alberga en la actualidad unas 800 referencias, que ofrece a nuestros comensales una experiencia din\u00e1mica y siempre renovada. Algunas permanecen, otras rotan, dan paso a nuevas incorporaciones o crecen en vertical para mostrar la historia de una misma etiqueta a trav\u00e9s del tiempo.<\/p>\n<p>Los vinos espa\u00f1oles representan aproximadamente el 50 % de la carta, que se estructura en Vinos Generosos, Espumosos, Blancos, Rosados, Tintos y Dulces.<\/p>\n<p>Desde hace m\u00e1s de 20 a\u00f1os, Mar\u00eda Jos\u00e9 trabaja mano a mano con Paco Roncero. Una conexi\u00f3n profunda que se refleja en cada detalle: desde la cuidada selecci\u00f3n de etiquetas hasta los maridajes exclusivos que acompa\u00f1an y elevan cada plato del men\u00fa.<\/p>\n<\/div><\/section><\/p>\n<\/div><\/div><\/div><div id='av-layout-grid-2'  class='av-layout-grid-container av-38le4i-62a3d91b22ee1cb77b95a9fb15799dac entry-content-wrapper main_color av-flex-cells  avia-builder-el-8  el_after_av_layout_row  el_before_av_section  grid-row-not-first  container_wrap sidebar_right'  >\n\n<style type=\"text\/css\" data-created_by=\"avia_inline_auto\" id=\"style-css-av-323c76-dfb6915958d2192926d7a528fda41b42\">\n.flex_cell.av-323c76-dfb6915958d2192926d7a528fda41b42{\nvertical-align:top;\n}\n.responsive #top #wrap_all .flex_cell.av-323c76-dfb6915958d2192926d7a528fda41b42{\npadding:30px 30px 30px 30px !important;\n}\n<\/style>\n<div class='flex_cell av-323c76-dfb6915958d2192926d7a528fda41b42 av-gridrow-cell av_one_half no_margin  avia-builder-el-9  el_before_av_cell_one_half  avia-builder-el-first  avia-full-stretch'  ><div class='flex_cell_inner'><p>\n<style type=\"text\/css\" data-created_by=\"avia_inline_auto\" id=\"style-css-av-2vm0ia-c516254524358785fdb0ee95cf2c0c72\">\n#top .hr.av-2vm0ia-c516254524358785fdb0ee95cf2c0c72{\nmargin-top:10px;\nmargin-bottom:10px;\n}\n.hr.av-2vm0ia-c516254524358785fdb0ee95cf2c0c72 .hr-inner{\nwidth:100px;\nborder-color:#111111;\n}\n<\/style>\n<div  class='hr av-2vm0ia-c516254524358785fdb0ee95cf2c0c72 hr-custom  avia-builder-el-10  el_before_av_heading  avia-builder-el-first  hr-center hr-icon-no'><span class='hr-inner inner-border-av-border-fat'><span class=\"hr-inner-style\"><\/span><\/span><\/div><br \/>\n\n<style type=\"text\/css\" data-created_by=\"avia_inline_auto\" id=\"style-css-av-fpqxe-dc1dc36b93c8ede55bb6bcab83b45bca\">\n#top .av-special-heading.av-fpqxe-dc1dc36b93c8ede55bb6bcab83b45bca{\npadding-bottom:10px;\ncolor:#232323;\nfont-size:37px;\n}\nbody .av-special-heading.av-fpqxe-dc1dc36b93c8ede55bb6bcab83b45bca .av-special-heading-tag .heading-char{\nfont-size:25px;\n}\n#top #wrap_all .av-special-heading.av-fpqxe-dc1dc36b93c8ede55bb6bcab83b45bca .av-special-heading-tag{\nfont-size:37px;\n}\n.av-special-heading.av-fpqxe-dc1dc36b93c8ede55bb6bcab83b45bca .special-heading-inner-border{\nborder-color:#232323;\n}\n.av-special-heading.av-fpqxe-dc1dc36b93c8ede55bb6bcab83b45bca .av-subheading{\nfont-size:15px;\n}\n\n@media only screen and (min-width: 480px) and (max-width: 767px){ \n#top #wrap_all .av-special-heading.av-fpqxe-dc1dc36b93c8ede55bb6bcab83b45bca .av-special-heading-tag{\nfont-size:0.8em;\n}\n}\n\n@media only screen and (max-width: 479px){ \n#top #wrap_all .av-special-heading.av-fpqxe-dc1dc36b93c8ede55bb6bcab83b45bca .av-special-heading-tag{\nfont-size:0.8em;\n}\n}\n<\/style>\n<div  class='av-special-heading av-fpqxe-dc1dc36b93c8ede55bb6bcab83b45bca av-special-heading-h2 custom-color-heading blockquote modern-quote modern-centered  avia-builder-el-11  el_after_av_hr  el_before_av_textblock  playfair av-inherit-size'><h2 class='av-special-heading-tag '  itemprop=\"headline\"  >Mar\u00eda Jos\u00e9 Huertas &#8211; Sumiller de referencia en Espa\u00f1a<\/h2><div class=\"special-heading-border\"><div class=\"special-heading-inner-border\"><\/div><\/div><\/div><br \/>\n\n<style type=\"text\/css\" data-created_by=\"avia_inline_auto\" id=\"style-css-av-2mhxju-9f613b9ec469a2cc7004cd206f66a63b\">\n#top .av_textblock_section.av-2mhxju-9f613b9ec469a2cc7004cd206f66a63b .avia_textblock{\nfont-size:16px;\ncolor:#000000;\n}\n<\/style>\n<section  class='av_textblock_section av-2mhxju-9f613b9ec469a2cc7004cd206f66a63b '   itemscope=\"itemscope\" itemtype=\"https:\/\/schema.org\/CreativeWork\" ><div class='avia_textblock av_inherit_color'  itemprop=\"text\" ><p>Mar\u00eda Jos\u00e9 Huertas es una de las sumilleres m\u00e1s reconocidas de Espa\u00f1a. Con m\u00e1s de dos d\u00e9cadas de experiencia en el sector vin\u00edcola y gastron\u00f3mico, ha desarrollado una trayectoria s\u00f3lida en el mundo del vino, el servicio en sala y la formaci\u00f3n enol\u00f3gica. Actualmente, es la sumiller del restaurante Paco Roncero (2 estrellas Michelin), ubicado en el emblem\u00e1tico Real Casino de Madrid.<\/p>\n<p><strong>Formaci\u00f3n en Enolog\u00eda y Gastronom\u00eda<\/strong><\/p>\n<p>Mar\u00eda Jos\u00e9 Huertas cuenta con una formaci\u00f3n t\u00e9cnica y especializada que ha marcado la base de su desarrollo profesional:<\/p>\n<ul>\n<li>Ingenier\u00eda T\u00e9cnica Agr\u00edcola por la Universidad Polit\u00e9cnica de Madrid, especialidad en Industrias Agroalimentarias.<\/li>\n<li>Curso de Sumilleres de la C\u00e1mara de Comercio de Madrid \u2013 Primera de su promoci\u00f3n.<\/li>\n<li>Estancias formativas en El Bulli, uno de los restaurantes m\u00e1s influyentes del mundo.<\/li>\n<li>Certificaciones internacionales:\n<ul>\n<li>WSET Nivel 3 (Wine &amp; Spirit Education Trust) \u2013 Pass with Merit.<\/li>\n<li>WSET Nivel 1 de Sake.<\/li>\n<\/ul>\n<\/li>\n<\/ul>\n<p><strong>Experiencia Profesional<\/strong><\/p>\n<p>Desde el a\u00f1o 2000, ejerce como sumiller principal en Paco Roncero Restaurante, donde ha dise\u00f1ado una carta de vinos de prestigio internacional. Su enfoque combina la selecci\u00f3n de vinos espa\u00f1oles con una cuidada inclusi\u00f3n de referencias internacionales, siempre con criterios de calidad, maridaje y sostenibilidad.<\/p>\n<p>Adem\u00e1s:<\/p>\n<ul>\n<li>Miembro del comit\u00e9 de cata de la revista Sobremesa desde 2006.<\/li>\n<li>Colaboradora habitual en medios como La Vanguardia (catas de vino).<\/li>\n<li>Participante en catas de revistas internacionales como Decanter.<\/li>\n<li>Jurado en campeonatos de sumilleres a nivel nacional.<\/li>\n<\/ul>\n<p><strong>\u00a0<\/strong><\/p>\n<p><strong>Premios y Reconocimientos<\/strong><\/p>\n<p>Su excelencia ha sido avalada por los m\u00e1s importantes galardones del sector enol\u00f3gico y gastron\u00f3mico:<\/p>\n<p><strong>Principales premios como sumiller<\/strong><\/p>\n<ul>\n<li>Premio Nacional de Gastronom\u00eda (2003)<\/li>\n<li>Sumiller del A\u00f1o \u2013 Grupo Gourmets (2003)<\/li>\n<li>Premio Metr\u00f3poli de El Mundo (2003)<\/li>\n<li>Mejor Sumiller Comunidad de Madrid \u2013 Madrid Fusi\u00f3n (2004)<\/li>\n<li>Premio Academia Internacional de Gastronom\u00eda (2005)<\/li>\n<li>Premio Verema a Mejor Sumiller (2018)<\/li>\n<li>N\u00ba1 en el Top 100 Sommeliers de Espa\u00f1a (2024)<\/li>\n<li>Premio Excelencia Gourmets 40\u00ba Aniversario (2025)<\/li>\n<li>Entre otros<\/li>\n<\/ul>\n<p><strong>Mar\u00eda Jos\u00e9 Huertas en el mundo del vino<\/strong><\/p>\n<p>Con una visi\u00f3n integral del mundo vin\u00edcola, Mar\u00eda Jos\u00e9 combina t\u00e9cnica, sensibilidad y experiencia. Su nombre es sin\u00f3nimo de sumiller\u00eda de alto nivel en Espa\u00f1a, siendo una referencia para profesionales, bodegas, prensa especializada y amantes del vino.<\/p>\n<\/div><\/section><\/p>\n<\/div><\/div>\n<style type=\"text\/css\" data-created_by=\"avia_inline_auto\" id=\"style-css-av-2do7a2-66fdf4471714aff72889edd885cff288\">\n.flex_cell.av-2do7a2-66fdf4471714aff72889edd885cff288{\nvertical-align:top;\nbackground:url(https:\/\/www.pacoroncerorestaurante.com\/wp-content\/uploads\/250425_Paco-Roncero_Maria-Jose-Huertas_0039987-scaled.jpg) 50% 0% no-repeat scroll #ffffff;\n}\n.responsive #top #wrap_all .flex_cell.av-2do7a2-66fdf4471714aff72889edd885cff288{\npadding:150px 100px 150px 100px !important;\n}\n<\/style>\n<div class='flex_cell av-2do7a2-66fdf4471714aff72889edd885cff288 av-gridrow-cell av_one_half no_margin  avia-builder-el-13  el_after_av_cell_one_half  avia-builder-el-last  avia-full-stretch'  ><div class='flex_cell_inner'><\/div><\/div>\n<\/div><\/p>\n\n<style type=\"text\/css\" data-created_by=\"avia_inline_auto\" id=\"style-css-av-8c0ki-fa10940e22817934711dbbf9fb725332\">\n.avia-section.av-8c0ki-fa10940e22817934711dbbf9fb725332{\nbackground-color:#7d854c;\nbackground-image:unset;\n}\n<\/style>\n<div id='av_section_2'  class='avia-section av-8c0ki-fa10940e22817934711dbbf9fb725332 main_color avia-section-small avia-no-border-styling  avia-builder-el-14  el_after_av_layout_row  el_before_av_section  avia-bg-style-scroll container_wrap sidebar_right'  ><div class='container av-section-cont-open' ><div class='template-page content  av-content-small alpha units'><div class='post-entry post-entry-type-page post-entry-538'><div class='entry-content-wrapper clearfix'>\n\n<style type=\"text\/css\" data-created_by=\"avia_inline_auto\" id=\"style-css-av-7gkmi-78db0508d4dcbb9ea72d3938e3473ffb\">\n#top .hr.hr-invisible.av-7gkmi-78db0508d4dcbb9ea72d3938e3473ffb{\nheight:20px;\n}\n<\/style>\n<div  class='hr av-7gkmi-78db0508d4dcbb9ea72d3938e3473ffb hr-invisible  avia-builder-el-15  el_before_av_image  avia-builder-el-first '><span class='hr-inner '><span class=\"hr-inner-style\"><\/span><\/span><\/div>\n\n<style type=\"text\/css\" data-created_by=\"avia_inline_auto\" id=\"style-css-av-1z4soq-1d465b22857e85058a4d7d1391d829a8\">\n.avia-image-container.av-1z4soq-1d465b22857e85058a4d7d1391d829a8 img.avia_image{\nbox-shadow:none;\n}\n.avia-image-container.av-1z4soq-1d465b22857e85058a4d7d1391d829a8 .av-image-caption-overlay-center{\ncolor:#ffffff;\n}\n<\/style>\n<div  class='avia-image-container av-1z4soq-1d465b22857e85058a4d7d1391d829a8 av-styling- avia-align-center  avia-builder-el-16  el_after_av_hr  avia-builder-el-last '   itemprop=\"image\" itemscope=\"itemscope\" itemtype=\"https:\/\/schema.org\/ImageObject\" ><div class=\"avia-image-container-inner\"><div class=\"avia-image-overlay-wrap\"><img decoding=\"async\" fetchpriority=\"high\" class='wp-image-2485 avia-img-lazy-loading-not-2485 avia_image ' src=\"https:\/\/www.pacoroncerorestaurante.com\/wp-content\/uploads\/PACO-RONCERO-NEGATIVO-1-300x65.png\" alt='' title='PACO RONCERO NEGATIVO'  height=\"65\" width=\"300\"  itemprop=\"thumbnailUrl\" srcset=\"https:\/\/www.pacoroncerorestaurante.com\/wp-content\/uploads\/PACO-RONCERO-NEGATIVO-1-300x65.png 300w, https:\/\/www.pacoroncerorestaurante.com\/wp-content\/uploads\/PACO-RONCERO-NEGATIVO-1-768x166.png 768w, https:\/\/www.pacoroncerorestaurante.com\/wp-content\/uploads\/PACO-RONCERO-NEGATIVO-1-1030x223.png 1030w, https:\/\/www.pacoroncerorestaurante.com\/wp-content\/uploads\/PACO-RONCERO-NEGATIVO-1-1500x325.png 1500w, https:\/\/www.pacoroncerorestaurante.com\/wp-content\/uploads\/PACO-RONCERO-NEGATIVO-1-705x153.png 705w, https:\/\/www.pacoroncerorestaurante.com\/wp-content\/uploads\/PACO-RONCERO-NEGATIVO-1-450x97.png 450w\" sizes=\"(max-width: 300px) 100vw, 300px\" \/><\/div><\/div><\/div>\n\n<\/div><\/div><\/div><!-- close content main div --><\/div><\/div>\n<style type=\"text\/css\" data-created_by=\"avia_inline_auto\" id=\"style-css-av-1ocm5e-f1aa33230dafbbfee0c315742501bdfc\">\n.avia-section.av-1ocm5e-f1aa33230dafbbfee0c315742501bdfc{\nbackground-color:#ffffff;\nbackground-image:unset;\n}\n<\/style>\n<div id='av_section_3'  class='avia-section av-1ocm5e-f1aa33230dafbbfee0c315742501bdfc main_color avia-section-small avia-no-border-styling  avia-builder-el-17  el_after_av_section  avia-builder-el-last  avia-bg-style-scroll container_wrap sidebar_right'  ><div class='container av-section-cont-open' ><div class='template-page content  av-content-small alpha units'><div class='post-entry post-entry-type-page post-entry-538'><div class='entry-content-wrapper clearfix'>\n\n<style type=\"text\/css\" data-created_by=\"avia_inline_auto\" id=\"style-css-av-1k903u-6c745ca600cc123a9093c027ce7b775b\">\n#top .hr.hr-invisible.av-1k903u-6c745ca600cc123a9093c027ce7b775b{\nheight:20px;\n}\n<\/style>\n<div  class='hr av-1k903u-6c745ca600cc123a9093c027ce7b775b hr-invisible  avia-builder-el-18  el_before_av_one_fourth  avia-builder-el-first '><span class='hr-inner '><span class=\"hr-inner-style\"><\/span><\/span><\/div>\n\n<style type=\"text\/css\" data-created_by=\"avia_inline_auto\" id=\"style-css-av-1egvtm-9c83d0176f2b8b557b6104a5d8ed27c0\">\n.flex_column.av-1egvtm-9c83d0176f2b8b557b6104a5d8ed27c0{\nborder-radius:0px 0px 0px 0px;\npadding:0px 0px 0px 0px;\n}\n<\/style>\n<div  class='flex_column av-1egvtm-9c83d0176f2b8b557b6104a5d8ed27c0 av_one_fourth  avia-builder-el-19  el_after_av_hr  el_before_av_one_fourth  first flex_column_div av-zero-column-padding  '     ><style type=\"text\/css\" data-created_by=\"avia_inline_auto\" id=\"style-css-av-17eq4q-47948b0b0e531cfc82cf207c16913c1f\">\n.avia-image-container.av-17eq4q-47948b0b0e531cfc82cf207c16913c1f img.avia_image{\nbox-shadow:none;\n}\n.avia-image-container.av-17eq4q-47948b0b0e531cfc82cf207c16913c1f .av-image-caption-overlay-center{\ncolor:#ffffff;\n}\n<\/style>\n<div  class='avia-image-container av-17eq4q-47948b0b0e531cfc82cf207c16913c1f av-styling- avia-align-center  avia-builder-el-20  avia-builder-el-no-sibling '   itemprop=\"image\" itemscope=\"itemscope\" itemtype=\"https:\/\/schema.org\/ImageObject\" ><div class=\"avia-image-container-inner\"><div class=\"avia-image-overlay-wrap\"><img decoding=\"async\" fetchpriority=\"high\" class='wp-image-2700 avia-img-lazy-loading-not-2700 avia_image ' src=\"https:\/\/www.pacoroncerorestaurante.com\/wp-content\/uploads\/logo_leguidemichelin_negro-e1599204444533.png\" alt='' title='logo_leguidemichelin_negro'  height=\"88\" width=\"200\"  itemprop=\"thumbnailUrl\"  \/><\/div><\/div><\/div><\/div>\n<style type=\"text\/css\" data-created_by=\"avia_inline_auto\" id=\"style-css-av-14ds2a-b63c43c791f9481bcf67ac42d495c9e7\">\n.flex_column.av-14ds2a-b63c43c791f9481bcf67ac42d495c9e7{\nborder-radius:0px 0px 0px 0px;\npadding:0px 0px 0px 0px;\n}\n<\/style>\n<div  class='flex_column av-14ds2a-b63c43c791f9481bcf67ac42d495c9e7 av_one_fourth  avia-builder-el-21  el_after_av_one_fourth  el_before_av_one_fourth  flex_column_div av-zero-column-padding  '     ><style type=\"text\/css\" data-created_by=\"avia_inline_auto\" id=\"style-css-av-y2l1u-44a61614a83f3a32f798afd318f80a2e\">\n.avia-image-container.av-y2l1u-44a61614a83f3a32f798afd318f80a2e img.avia_image{\nbox-shadow:none;\n}\n.avia-image-container.av-y2l1u-44a61614a83f3a32f798afd318f80a2e .av-image-caption-overlay-center{\ncolor:#ffffff;\n}\n<\/style>\n<div  class='avia-image-container av-y2l1u-44a61614a83f3a32f798afd318f80a2e av-styling- avia-align-center  avia-builder-el-22  avia-builder-el-no-sibling '   itemprop=\"image\" itemscope=\"itemscope\" itemtype=\"https:\/\/schema.org\/ImageObject\" ><div class=\"avia-image-container-inner\"><div class=\"avia-image-overlay-wrap\"><img decoding=\"async\" fetchpriority=\"high\" class='wp-image-3209 avia-img-lazy-loading-not-3209 avia_image ' src=\"https:\/\/www.pacoroncerorestaurante.com\/wp-content\/uploads\/paco-roncero-soles-80.png\" alt='' title='paco-roncero-soles-80'  height=\"118\" width=\"80\"  itemprop=\"thumbnailUrl\"  \/><\/div><\/div><\/div><\/div>\n<style type=\"text\/css\" data-created_by=\"avia_inline_auto\" id=\"style-css-av-r7jj6-6764e7e96f2c96131a467523a1ffe19d\">\n.flex_column.av-r7jj6-6764e7e96f2c96131a467523a1ffe19d{\nborder-radius:0px 0px 0px 0px;\npadding:0px 0px 0px 0px;\n}\n<\/style>\n<div  class='flex_column av-r7jj6-6764e7e96f2c96131a467523a1ffe19d av_one_fourth  avia-builder-el-23  el_after_av_one_fourth  el_before_av_one_fourth  flex_column_div av-zero-column-padding  '     ><style type=\"text\/css\" data-created_by=\"avia_inline_auto\" id=\"style-css-av-jgi0a-59ebbaeefa01818cbc6c3ca94ed16682\">\n.avia-image-container.av-jgi0a-59ebbaeefa01818cbc6c3ca94ed16682 img.avia_image{\nbox-shadow:none;\n}\n.avia-image-container.av-jgi0a-59ebbaeefa01818cbc6c3ca94ed16682 .av-image-caption-overlay-center{\ncolor:#ffffff;\n}\n<\/style>\n<div  class='avia-image-container av-jgi0a-59ebbaeefa01818cbc6c3ca94ed16682 av-styling- avia-align-center  avia-builder-el-24  avia-builder-el-no-sibling '   itemprop=\"image\" itemscope=\"itemscope\" itemtype=\"https:\/\/schema.org\/ImageObject\" ><div class=\"avia-image-container-inner\"><div class=\"avia-image-overlay-wrap\"><img decoding=\"async\" fetchpriority=\"high\" class='wp-image-3212 avia-img-lazy-loading-not-3212 avia_image ' src=\"https:\/\/www.pacoroncerorestaurante.com\/wp-content\/uploads\/paco-roncero-best-chef-70.png\" alt='' title='paco-roncero-best-chef-70'  height=\"130\" width=\"70\"  itemprop=\"thumbnailUrl\"  \/><\/div><\/div><\/div><\/div>\n<style type=\"text\/css\" data-created_by=\"avia_inline_auto\" id=\"style-css-av-g61ci-d2eaf24e3cdc71a51e8d7e1d37263e5f\">\n.flex_column.av-g61ci-d2eaf24e3cdc71a51e8d7e1d37263e5f{\nborder-radius:0px 0px 0px 0px;\npadding:0px 0px 0px 0px;\n}\n<\/style>\n<div  class='flex_column av-g61ci-d2eaf24e3cdc71a51e8d7e1d37263e5f av_one_fourth  avia-builder-el-25  el_after_av_one_fourth  avia-builder-el-last  flex_column_div av-zero-column-padding  '     ><style type=\"text\/css\" data-created_by=\"avia_inline_auto\" id=\"style-css-av-7us76-c292f1b1f8a03e2a31736e9d1c06867e\">\n.avia-image-container.av-7us76-c292f1b1f8a03e2a31736e9d1c06867e img.avia_image{\nbox-shadow:none;\n}\n.avia-image-container.av-7us76-c292f1b1f8a03e2a31736e9d1c06867e .av-image-caption-overlay-center{\ncolor:#ffffff;\n}\n<\/style>\n<div  class='avia-image-container av-7us76-c292f1b1f8a03e2a31736e9d1c06867e av-styling- avia-align-center  avia-builder-el-26  avia-builder-el-no-sibling '   itemprop=\"image\" itemscope=\"itemscope\" itemtype=\"https:\/\/schema.org\/ImageObject\" ><div class=\"avia-image-container-inner\"><div class=\"avia-image-overlay-wrap\"><img decoding=\"async\" fetchpriority=\"high\" class='wp-image-2596 avia-img-lazy-loading-not-2596 avia_image ' src=\"https:\/\/www.pacoroncerorestaurante.com\/wp-content\/uploads\/50BEST-DISCOVERY-MARK-BLACK-e1575277443499.png\" alt='' title='50BEST-DISCOVERY-MARK-BLACK'  height=\"61\" width=\"200\"  itemprop=\"thumbnailUrl\"  \/><\/div><\/div><\/div><\/div>\n<\/div><\/div><\/div><!-- close content main div --><\/div><\/div><div id='after_section_3'  class='main_color av_default_container_wrap container_wrap sidebar_right'  ><div class='container av-section-cont-open' ><div class='template-page content  av-content-small alpha units'><div class='post-entry post-entry-type-page post-entry-538'><div class='entry-content-wrapper clearfix'>\n","protected":false},"excerpt":{"rendered":"","protected":false},"author":7,"featured_media":0,"parent":0,"menu_order":0,"comment_status":"closed","ping_status":"closed","template":"","meta":{"_monsterinsights_skip_tracking":false,"_monsterinsights_sitenote_active":false,"_monsterinsights_sitenote_note":"","_monsterinsights_sitenote_category":0,"footnotes":""},"class_list":["post-538","page","type-page","status-publish","hentry"],"_links":{"self":[{"href":"https:\/\/www.pacoroncerorestaurante.com\/es\/wp-json\/wp\/v2\/pages\/538","targetHints":{"allow":["GET"]}}],"collection":[{"href":"https:\/\/www.pacoroncerorestaurante.com\/es\/wp-json\/wp\/v2\/pages"}],"about":[{"href":"https:\/\/www.pacoroncerorestaurante.com\/es\/wp-json\/wp\/v2\/types\/page"}],"author":[{"embeddable":true,"href":"https:\/\/www.pacoroncerorestaurante.com\/es\/wp-json\/wp\/v2\/users\/7"}],"replies":[{"embeddable":true,"href":"https:\/\/www.pacoroncerorestaurante.com\/es\/wp-json\/wp\/v2\/comments?post=538"}],"version-history":[{"count":48,"href":"https:\/\/www.pacoroncerorestaurante.com\/es\/wp-json\/wp\/v2\/pages\/538\/revisions"}],"predecessor-version":[{"id":5048,"href":"https:\/\/www.pacoroncerorestaurante.com\/es\/wp-json\/wp\/v2\/pages\/538\/revisions\/5048"}],"wp:attachment":[{"href":"https:\/\/www.pacoroncerorestaurante.com\/es\/wp-json\/wp\/v2\/media?parent=538"}],"curies":[{"name":"wp","href":"https:\/\/api.w.org\/{rel}","templated":true}]}}